{"id":8,"date":"2020-11-18T03:37:59","date_gmt":"2020-11-18T03:37:59","guid":{"rendered":"https:\/\/404digitalmedia.com\/?page_id=8"},"modified":"2021-08-19T03:12:56","modified_gmt":"2021-08-19T03:12:56","slug":"mesmerize","status":"publish","type":"page","link":"https:\/\/404digitalmedia.com\/","title":{"rendered":"Front Page"},"content":{"rendered":"<div  id=\"capa\" style=\"background-color: #ffffff;\" data-label=\"Capa\" data-id=\"overlappable-4\" data-export-id=\"overlappable-4\" data-category=\"overlappable\" class=\"overlappable-4 content-section content-section-spacing\" data-overlap=\"true\"><div  class=\"gridContainer\"> <div  data-type=\"row\" class=\"row spaced-cols text-center\"><div  class=\"col-xs-12 col-sm-4 col-padding\"> <i  class=\"fa icon shadow-large-black aligncenter color1 fa-dollar reverse round large\"><\/i> <div  data-type=\"column\" class=\"\"> <h5  class=\"\">MARKETING DE PERFORMANCE<\/h5> <p  class=\"\">Fazemos o marketing que vende e traz resultado para o grupo, sem lero-lero.<\/p><\/div> <\/div> <div  class=\"col-xs-12 col-sm-4 col-padding\"> <i  class=\"fa icon shadow-large-black aligncenter color1 fa-address-card reverse round large\"><\/i> <div  data-type=\"column\" class=\"\"><h5  class=\"\">QUALIFICA\u00c7\u00c3O DE LEADS<\/h5> <p  class=\"\">Segmentados do in\u00edcio ao fim, nossos leads s\u00e3o garantia de retorno para o grupo.<\/p><\/div> <\/div> <div  class=\"col-xs-12 col-sm-4 col-padding\"> <i  class=\"fa icon shadow-large-black aligncenter color1 fa-database reverse round large\"><\/i> <div  data-type=\"column\" class=\"\"><h5  class=\"\">AN\u00c1LISE DE DADOS<\/h5> <p  class=\"\">Nossa paix\u00e3o \u00e9 an\u00e1lise de dados, relat\u00f3rios e n\u00fameros. Nosso diferencial \u00e9 entender o que as m\u00e9tricas querem dizer dentro do ecossistema de m\u00eddia digital.<\/p><\/div> <\/div><\/div> <\/div><\/div><div  id=\"contato\" style=\"background-color: #ffffff;\" data-label=\"Contato\" data-id=\"features-12-card-bordered\" data-export-id=\"features-12-card-bordered\" data-category=\"features\" class=\"features-12-card-bordered content-section content-section-spacing \"><div  class=\"gridContainer\"> <div  class=\"row text-center\"><div  class=\"section-title-col\" data-type=\"column\"> <h2  class=\"\">Contato<\/h2> <p  class=\"lead\">Quer falar com a gente? F\u00e1cil!\n<\/p><\/div> <\/div> <div  class=\"row spaced-cols\" data-type=\"row\"> <div  class=\"col-sm-6\"> <div  class=\"card row-card bordered y-move\"> <div  class=\"row\"> <div  class=\"col-sm-fit icon-column\"> <i  class=\"fa icon color2 fa-envelope bordered round\"><\/i> <\/div> <div  class=\"col-sm\" data-type=\"column\"> <h5  class=\"color2\">EMAIL<\/h5> <p  class=\"\">equipe@404digitalmedia.com<\/p><\/div> <\/div><\/div> <\/div>  <\/div> <\/div><\/div>","protected":false},"excerpt":{"rendered":"<p>MARKETING DE PERFORMANCE Fazemos o marketing que vende e traz resultado para o grupo, sem lero-lero. QUALIFICA\u00c7\u00c3O DE LEADS Segmentados do in\u00edcio ao fim, nossos leads s\u00e3o garantia de retorno para o grupo. AN\u00c1LISE DE DADOS Nossa paix\u00e3o \u00e9 an\u00e1lise de dados, relat\u00f3rios e n\u00fameros. Nosso diferencial \u00e9 entender o que as m\u00e9tricas querem dizer&hellip; <br \/> <a class=\"read-more\" href=\"https:\/\/404digitalmedia.com\/\">Leia mais<\/a><\/p>\n","protected":false},"author":1,"featured_media":0,"parent":0,"menu_order":0,"comment_status":"closed","ping_status":"closed","template":"page-templates\/homepage.php","meta":[],"_links":{"self":[{"href":"https:\/\/404digitalmedia.com\/index.php?rest_route=\/wp\/v2\/pages\/8"}],"collection":[{"href":"https:\/\/404digitalmedia.com\/index.php?rest_route=\/wp\/v2\/pages"}],"about":[{"href":"https:\/\/404digitalmedia.com\/index.php?rest_route=\/wp\/v2\/types\/page"}],"author":[{"embeddable":true,"href":"https:\/\/404digitalmedia.com\/index.php?rest_route=\/wp\/v2\/users\/1"}],"replies":[{"embeddable":true,"href":"https:\/\/404digitalmedia.com\/index.php?rest_route=%2Fwp%2Fv2%2Fcomments&post=8"}],"version-history":[{"count":8,"href":"https:\/\/404digitalmedia.com\/index.php?rest_route=\/wp\/v2\/pages\/8\/revisions"}],"predecessor-version":[{"id":56,"href":"https:\/\/404digitalmedia.com\/index.php?rest_route=\/wp\/v2\/pages\/8\/revisions\/56"}],"wp:attachment":[{"href":"https:\/\/404digitalmedia.com\/index.php?rest_route=%2Fwp%2Fv2%2Fmedia&parent=8"}],"curies":[{"name":"wp","href":"https:\/\/api.w.org\/{rel}","templated":true}]}}